{"id":587,"date":"2022-03-29T17:17:36","date_gmt":"2022-03-29T20:17:36","guid":{"rendered":"https:\/\/gestiaconsultores.com.ar\/en\/?page_id=587"},"modified":"2022-11-17T12:12:22","modified_gmt":"2022-11-17T15:12:22","slug":"sebastian-felix","status":"publish","type":"page","link":"https:\/\/gestiaconsultores.com.ar\/en\/sebastian-felix\/","title":{"rendered":"Sebastian Felix"},"content":{"rendered":"<p>[vc_row][vc_column width=&#8221;1\/4&#8243;][vc_single_image image=&#8221;33&#8243; img_size=&#8221;full&#8221;][\/vc_column][vc_column width=&#8221;3\/4&#8243;][vc_column_text]<\/p>\n<h1><strong>SEBASTIAN FELIX<\/strong> | Director<\/h1>\n<p><a href=\"https:\/\/www.linkedin.com\/in\/sebastianfelix\/\" target=\"_blank\" rel=\"noopener\"><i class=\"fa fa-linkedin minti-icon\" style=\"color:#0e76a8 !important; font-size: 20px; margin: 0px 0px 0px 0px\"><\/i><\/a><\/p>\n<p>I am a business and IT professional, with solid experience in project management and Enterprise Architecture (EA).<\/p>\n<p>In the +20 years of my career, I have specialized in the business, data and information of the oil &amp; gas world, leading areas, teams, projects, and services in various businesses (energy, telecommunications, financial, etc.) in countries such as Spain, Mexico, Brazil, and Argentina.<\/p>\n<p>I graduated in computer science more than 15 years ago and I am <a href=\"https:\/\/www.pmi.org\/certifications\/types\/project-management-pmp\" target=\"_blank\" rel=\"noopener\">PMP\u00ae<\/a> and <a href=\"http:\/\/www.opengroup.org\/certifications\/togaf\" target=\"_blank\" rel=\"noopener\">TOGAF\u00ae 9<\/a> certified, and I had the opportunity to work for excellent multinational companies (Repsol, Pluspetrol, Sinopec, YPF, Cepsa, Edenor, Telef\u00f3nica M\u00f3viles, Santander, Inform\u00e1tica El Corte Ingl\u00e9s, among others).[\/vc_column_text][\/vc_column][\/vc_row]<\/p>\n","protected":false},"excerpt":{"rendered":"<p>[vc_row][vc_column width=&#8221;1\/4&#8243;][vc_single_image image=&#8221;33&#8243; img_size=&#8221;full&#8221;][\/vc_column][vc_column width=&#8221;3\/4&#8243;][vc_column_text] SEBASTIAN FELIX | Director I am a business and IT professional, with solid experience in project management and Enterprise Architecture (EA). In the +20 years of my career, I have specialized in the business, data and information of the oil &amp; gas world, leading areas, teams, projects, and services in various businesses (energy, telecommunications, financial, etc.) in countries such as Spain, Mexico, Brazil, and Argentina. I graduated in computer science more than 15 years ago and I am PMP\u00ae and TOGAF\u00ae 9 certified, and I had the opportunity to work for excellent multinational companies (Repsol, Pluspetrol, Sinopec, YPF, Cepsa, Edenor, Telef\u00f3nica M\u00f3viles, Santander, Inform\u00e1tica El Corte Ingl\u00e9s, among others).[\/vc_column_text][\/vc_column][\/vc_row]<\/p>\n","protected":false},"author":2,"featured_media":0,"parent":0,"menu_order":0,"comment_status":"closed","ping_status":"closed","template":"","meta":{"_joinchat":[]},"aioseo_notices":[],"_links":{"self":[{"href":"https:\/\/gestiaconsultores.com.ar\/en\/wp-json\/wp\/v2\/pages\/587"}],"collection":[{"href":"https:\/\/gestiaconsultores.com.ar\/en\/wp-json\/wp\/v2\/pages"}],"about":[{"href":"https:\/\/gestiaconsultores.com.ar\/en\/wp-json\/wp\/v2\/types\/page"}],"author":[{"embeddable":true,"href":"https:\/\/gestiaconsultores.com.ar\/en\/wp-json\/wp\/v2\/users\/2"}],"replies":[{"embeddable":true,"href":"https:\/\/gestiaconsultores.com.ar\/en\/wp-json\/wp\/v2\/comments?post=587"}],"version-history":[{"count":3,"href":"https:\/\/gestiaconsultores.com.ar\/en\/wp-json\/wp\/v2\/pages\/587\/revisions"}],"predecessor-version":[{"id":808,"href":"https:\/\/gestiaconsultores.com.ar\/en\/wp-json\/wp\/v2\/pages\/587\/revisions\/808"}],"wp:attachment":[{"href":"https:\/\/gestiaconsultores.com.ar\/en\/wp-json\/wp\/v2\/media?parent=587"}],"curies":[{"name":"wp","href":"https:\/\/api.w.org\/{rel}","templated":true}]}}